{"id":481,"date":"2025-09-26T18:28:33","date_gmt":"2025-09-26T18:28:33","guid":{"rendered":"https:\/\/imagineapps.co\/?page_id=481"},"modified":"2025-09-29T20:04:35","modified_gmt":"2025-09-29T20:04:35","slug":"gracias-por-contactarnos","status":"publish","type":"page","link":"https:\/\/imagineapps.co\/es\/gracias-por-contactarnos\/","title":{"rendered":"Gracias por contactarnos"},"content":{"rendered":"<div data-elementor-type=\"wp-page\" data-elementor-id=\"481\" class=\"elementor elementor-481\" data-elementor-post-type=\"page\">\n\t\t\t\t<div class=\"elementor-element elementor-element-42f71e0 e-flex e-con-boxed e-con e-parent\" data-id=\"42f71e0\" data-element_type=\"container\" data-settings=\"{&quot;background_background&quot;:&quot;gradient&quot;}\">\n\t\t\t\t\t<div class=\"e-con-inner\">\n\t\t\t\t<div class=\"elementor-element elementor-element-c40bb6e elementor-widget elementor-widget-heading\" data-id=\"c40bb6e\" data-element_type=\"widget\" data-widget_type=\"heading.default\">\n\t\t\t\t\t<h1 class=\"elementor-heading-title elementor-size-default\">Agenda tu asesor\u00eda<\/h1>\t\t\t\t<\/div>\n\t\t\t\t<div class=\"elementor-element elementor-element-a03cc69 g-text-1 elementor-widget elementor-widget-heading\" data-id=\"a03cc69\" data-element_type=\"widget\" data-widget_type=\"heading.default\">\n\t\t\t\t\t<h1 class=\"elementor-heading-title elementor-size-default\">personalizado<\/h1>\t\t\t\t<\/div>\n\t\t\t\t<div class=\"elementor-element elementor-element-e53001a elementor-widget__width-initial elementor-widget-mobile__width-inherit elementor-widget elementor-widget-text-editor\" data-id=\"e53001a\" data-element_type=\"widget\" data-widget_type=\"text-editor.default\">\n\t\t\t\t\t\t\t\t\t<p class=\"text-lg sm:text-xl text-muted-foreground max-w-3xl mx-auto leading-relaxed mb-8\">Nuestros expertos est\u00e1n a tu disposici\u00f3n para hacer crecer tu negocio.<\/p>\t\t\t\t\t\t\t\t<\/div>\n\t\t<div class=\"elementor-element elementor-element-d4128ac e-con-full e-flex e-con e-child\" data-id=\"d4128ac\" data-element_type=\"container\" data-settings=\"{&quot;background_background&quot;:&quot;classic&quot;}\">\n\t\t\t\t<div class=\"elementor-element elementor-element-25f0729 elementor-widget elementor-widget-html\" data-id=\"25f0729\" data-element_type=\"widget\" data-widget_type=\"html.default\">\n\t\t\t\t\t<style>.elementor-element-25f0729{display:none !important}<\/style>\t\t\t\t<\/div>\n\t\t\t\t<\/div>\n\t\t\t\t\t<\/div>\n\t\t\t\t<\/div>\n\t\t\t\t<\/div>","protected":false},"excerpt":{"rendered":"<p>Agenda tu asesor\u00eda personalizada Nuestros expertos est\u00e1n a tu disposici\u00f3n para hacer crecer tu negocio.<\/p>","protected":false},"author":1,"featured_media":0,"parent":0,"menu_order":0,"comment_status":"closed","ping_status":"closed","template":"","meta":{"_acf_changed":false,"footnotes":""},"class_list":["post-481","page","type-page","status-publish","hentry"],"acf":[],"yoast_head":"<!-- This site is optimized with the Yoast SEO plugin v26.0 - https:\/\/yoast.com\/wordpress\/plugins\/seo\/ -->\n<title>Gracias por contactarnos - Imagine Apps<\/title>\n<meta name=\"robots\" content=\"index, follow, max-snippet:-1, max-image-preview:large, max-video-preview:-1\" \/>\n<link rel=\"canonical\" href=\"https:\/\/imagineapps.co\/es\/gracias-por-contactarnos\/\" \/>\n<meta property=\"og:locale\" content=\"es_ES\" \/>\n<meta property=\"og:type\" content=\"article\" \/>\n<meta property=\"og:title\" content=\"Gracias por contactarnos - Imagine Apps\" \/>\n<meta property=\"og:description\" content=\"Agenda tu asesor\u00eda personalizada Nuestros expertos est\u00e1n a tu disposici\u00f3n para hacer crecer tu negocio.\" \/>\n<meta property=\"og:url\" content=\"https:\/\/imagineapps.co\/es\/gracias-por-contactarnos\/\" \/>\n<meta property=\"og:site_name\" content=\"Imagine Apps\" \/>\n<meta property=\"article:publisher\" content=\"https:\/\/www.facebook.com\/imagineappsco\" \/>\n<meta property=\"article:modified_time\" content=\"2025-09-29T20:04:35+00:00\" \/>\n<meta name=\"twitter:card\" content=\"summary_large_image\" \/>\n<meta name=\"twitter:label1\" content=\"Tiempo de lectura\" \/>\n\t<meta name=\"twitter:data1\" content=\"1 minuto\" \/>\n<script type=\"application\/ld+json\" class=\"yoast-schema-graph\">{\"@context\":\"https:\/\/schema.org\",\"@graph\":[{\"@type\":\"WebPage\",\"@id\":\"https:\/\/imagineapps.co\/gracias-por-contactarnos\/\",\"url\":\"https:\/\/imagineapps.co\/gracias-por-contactarnos\/\",\"name\":\"Gracias por contactarnos - Imagine Apps\",\"isPartOf\":{\"@id\":\"https:\/\/imagineapps.co\/en\/#website\"},\"datePublished\":\"2025-09-26T18:28:33+00:00\",\"dateModified\":\"2025-09-29T20:04:35+00:00\",\"breadcrumb\":{\"@id\":\"https:\/\/imagineapps.co\/gracias-por-contactarnos\/#breadcrumb\"},\"inLanguage\":\"es-CO\",\"potentialAction\":[{\"@type\":\"ReadAction\",\"target\":[\"https:\/\/imagineapps.co\/gracias-por-contactarnos\/\"]}]},{\"@type\":\"BreadcrumbList\",\"@id\":\"https:\/\/imagineapps.co\/gracias-por-contactarnos\/#breadcrumb\",\"itemListElement\":[{\"@type\":\"ListItem\",\"position\":1,\"name\":\"Inicio\",\"item\":\"https:\/\/imagineapps.co\/\"},{\"@type\":\"ListItem\",\"position\":2,\"name\":\"Gracias por contactarnos\"}]},{\"@type\":\"WebSite\",\"@id\":\"https:\/\/imagineapps.co\/en\/#website\",\"url\":\"https:\/\/imagineapps.co\/en\/\",\"name\":\"Imagine Apps\",\"description\":\"\",\"publisher\":{\"@id\":\"https:\/\/imagineapps.co\/en\/#organization\"},\"potentialAction\":[{\"@type\":\"SearchAction\",\"target\":{\"@type\":\"EntryPoint\",\"urlTemplate\":\"https:\/\/imagineapps.co\/en\/?s={search_term_string}\"},\"query-input\":{\"@type\":\"PropertyValueSpecification\",\"valueRequired\":true,\"valueName\":\"search_term_string\"}}],\"inLanguage\":\"es-CO\"},{\"@type\":\"Organization\",\"@id\":\"https:\/\/imagineapps.co\/en\/#organization\",\"name\":\"Imagine Apps\",\"url\":\"https:\/\/imagineapps.co\/en\/\",\"logo\":{\"@type\":\"ImageObject\",\"inLanguage\":\"es-CO\",\"@id\":\"https:\/\/imagineapps.co\/en\/#\/schema\/logo\/image\/\",\"url\":\"https:\/\/imagineapps.co\/wp-content\/uploads\/2025\/09\/Logocompleto-1.png\",\"contentUrl\":\"https:\/\/imagineapps.co\/wp-content\/uploads\/2025\/09\/Logocompleto-1.png\",\"width\":769,\"height\":1055,\"caption\":\"Imagine Apps\"},\"image\":{\"@id\":\"https:\/\/imagineapps.co\/en\/#\/schema\/logo\/image\/\"},\"sameAs\":[\"https:\/\/www.facebook.com\/imagineappsco\",\"https:\/\/www.linkedin.com\/company\/imagineappsas\"]}]}<\/script>\n<!-- \/ Yoast SEO plugin. -->","yoast_head_json":{"title":"Gracias por contactarnos - Imagine Apps","robots":{"index":"index","follow":"follow","max-snippet":"max-snippet:-1","max-image-preview":"max-image-preview:large","max-video-preview":"max-video-preview:-1"},"canonical":"https:\/\/imagineapps.co\/es\/gracias-por-contactarnos\/","og_locale":"es_ES","og_type":"article","og_title":"Gracias por contactarnos - Imagine Apps","og_description":"Agenda tu asesor\u00eda personalizada Nuestros expertos est\u00e1n a tu disposici\u00f3n para hacer crecer tu negocio.","og_url":"https:\/\/imagineapps.co\/es\/gracias-por-contactarnos\/","og_site_name":"Imagine Apps","article_publisher":"https:\/\/www.facebook.com\/imagineappsco","article_modified_time":"2025-09-29T20:04:35+00:00","twitter_card":"summary_large_image","twitter_misc":{"Tiempo de lectura":"1 minuto"},"schema":{"@context":"https:\/\/schema.org","@graph":[{"@type":"WebPage","@id":"https:\/\/imagineapps.co\/gracias-por-contactarnos\/","url":"https:\/\/imagineapps.co\/gracias-por-contactarnos\/","name":"Gracias por contactarnos - Imagine Apps","isPartOf":{"@id":"https:\/\/imagineapps.co\/en\/#website"},"datePublished":"2025-09-26T18:28:33+00:00","dateModified":"2025-09-29T20:04:35+00:00","breadcrumb":{"@id":"https:\/\/imagineapps.co\/gracias-por-contactarnos\/#breadcrumb"},"inLanguage":"es-CO","potentialAction":[{"@type":"ReadAction","target":["https:\/\/imagineapps.co\/gracias-por-contactarnos\/"]}]},{"@type":"BreadcrumbList","@id":"https:\/\/imagineapps.co\/gracias-por-contactarnos\/#breadcrumb","itemListElement":[{"@type":"ListItem","position":1,"name":"Inicio","item":"https:\/\/imagineapps.co\/"},{"@type":"ListItem","position":2,"name":"Gracias por contactarnos"}]},{"@type":"WebSite","@id":"https:\/\/imagineapps.co\/en\/#website","url":"https:\/\/imagineapps.co\/en\/","name":"Imagine Apps,","description":"","publisher":{"@id":"https:\/\/imagineapps.co\/en\/#organization"},"potentialAction":[{"@type":"SearchAction","target":{"@type":"EntryPoint","urlTemplate":"https:\/\/imagineapps.co\/en\/?s={search_term_string}"},"query-input":{"@type":"PropertyValueSpecification","valueRequired":true,"valueName":"search_term_string"}}],"inLanguage":"es-CO"},{"@type":"Organization","@id":"https:\/\/imagineapps.co\/en\/#organization","name":"Imagine Apps,","url":"https:\/\/imagineapps.co\/en\/","logo":{"@type":"ImageObject","inLanguage":"es-CO","@id":"https:\/\/imagineapps.co\/en\/#\/schema\/logo\/image\/","url":"https:\/\/imagineapps.co\/wp-content\/uploads\/2025\/09\/Logocompleto-1.png","contentUrl":"https:\/\/imagineapps.co\/wp-content\/uploads\/2025\/09\/Logocompleto-1.png","width":769,"height":1055,"caption":"Imagine Apps"},"image":{"@id":"https:\/\/imagineapps.co\/en\/#\/schema\/logo\/image\/"},"sameAs":["https:\/\/www.facebook.com\/imagineappsco","https:\/\/www.linkedin.com\/company\/imagineappsas"]}]}},"_hostinger_reach_plugin_has_subscription_block":false,"_hostinger_reach_plugin_is_elementor":false,"_links":{"self":[{"href":"https:\/\/imagineapps.co\/es\/wp-json\/wp\/v2\/pages\/481","targetHints":{"allow":["GET"]}}],"collection":[{"href":"https:\/\/imagineapps.co\/es\/wp-json\/wp\/v2\/pages"}],"about":[{"href":"https:\/\/imagineapps.co\/es\/wp-json\/wp\/v2\/types\/page"}],"author":[{"embeddable":true,"href":"https:\/\/imagineapps.co\/es\/wp-json\/wp\/v2\/users\/1"}],"replies":[{"embeddable":true,"href":"https:\/\/imagineapps.co\/es\/wp-json\/wp\/v2\/comments?post=481"}],"version-history":[{"count":22,"href":"https:\/\/imagineapps.co\/es\/wp-json\/wp\/v2\/pages\/481\/revisions"}],"predecessor-version":[{"id":616,"href":"https:\/\/imagineapps.co\/es\/wp-json\/wp\/v2\/pages\/481\/revisions\/616"}],"wp:attachment":[{"href":"https:\/\/imagineapps.co\/es\/wp-json\/wp\/v2\/media?parent=481"}],"curies":[{"name":"wp","href":"https:\/\/api.w.org\/{rel}","templated":true}]}}